{"id":19375,"date":"2022-10-26T12:14:29","date_gmt":"2022-10-26T10:14:29","guid":{"rendered":"https:\/\/allcms.es\/clients\/"},"modified":"2024-08-21T10:55:14","modified_gmt":"2024-08-21T08:55:14","slug":"clients","status":"publish","type":"page","link":"https:\/\/staging.allcms.es\/en\/clients\/","title":{"rendered":"Clients"},"content":{"rendered":"<div class=\"wpb-content-wrapper\"><p>[vc_row css_animation=&#8221;&#8221; row_type=&#8221;row&#8221; use_row_as_full_screen_section=&#8221;no&#8221; type=&#8221;grid&#8221; angled_section=&#8221;no&#8221; text_align=&#8221;left&#8221; background_image_as_pattern=&#8221;without_pattern&#8221; padding_top=&#8221;73&#8243; background_color=&#8221;#ffffff&#8221; padding_bottom=&#8221;30&#8243;][vc_column][vc_column_text]<\/p>\n<h2 style=\"text-align: center;\">Clients who already trust All CMS<\/h2>\n<p>[\/vc_column_text][vc_separator type=&#8221;small&#8221; position=&#8221;center&#8221; down=&#8221;20&#8243; up=&#8221;20&#8243;][\/vc_column][\/vc_row][vc_row css_animation=&#8221;&#8221; row_type=&#8221;row&#8221; use_row_as_full_screen_section=&#8221;no&#8221; type=&#8221;grid&#8221; angled_section=&#8221;no&#8221; text_align=&#8221;left&#8221; background_image_as_pattern=&#8221;without_pattern&#8221; padding_top=&#8221;73&#8243; background_color=&#8221;#ffffff&#8221; padding_bottom=&#8221;30&#8243;][vc_column width=&#8221;1\/4&#8243;]<div class=\"q_counter_holder  center boxed_counter\" style=\"\" data-digit=\"+75 projects\"><span class=\"counter  random\" style=\"font-size: 28px;font-weight: 500;\">+75 projects<\/span><span class=\"separator small\" style=\"\"><\/span><p class=\"counter_text\" style=\"font-weight: 400;text-transform: none;\">in Spain and LATAM<\/p><\/div>[\/vc_column][vc_column width=&#8221;1\/4&#8243;]<div class=\"q_counter_holder  center boxed_counter\" style=\"\" data-digit=\"100%\"><span class=\"counter  random\" style=\"font-size: 28px;font-weight: 500;\">100%<\/span><span class=\"separator small\" style=\"\"><\/span><p class=\"counter_text\" style=\"font-weight: 400;text-transform: none;\">satisfied clients<\/p><\/div>[\/vc_column][vc_column width=&#8221;1\/4&#8243;]<div class=\"q_counter_holder  center boxed_counter\" style=\"\" data-digit=\"+400\"><span class=\"counter  random\" style=\"font-size: 28px;font-weight: 500;\">+400<\/span><span class=\"separator small\" style=\"\"><\/span><p class=\"counter_text\" style=\"font-weight: 400;text-transform: none;\">trained users<\/p><\/div>[\/vc_column][vc_column width=&#8221;1\/4&#8243;]<div class=\"q_counter_holder  center boxed_counter\" style=\"\" data-digit=\"93%\"><span class=\"counter  random\" style=\"font-size: 28px;font-weight: 500;\">93%<\/span><span class=\"separator small\" style=\"\"><\/span><p class=\"counter_text\" style=\"font-weight: 400;text-transform: none;\">recommend us<\/p><\/div>[\/vc_column][\/vc_row][vc_row css_animation=&#8221;&#8221; row_type=&#8221;row&#8221; use_row_as_full_screen_section=&#8221;no&#8221; type=&#8221;grid&#8221; angled_section=&#8221;no&#8221; text_align=&#8221;left&#8221; background_image_as_pattern=&#8221;without_pattern&#8221; background_color=&#8221;#ffffff&#8221; padding_top=&#8221;70&#8243; padding_bottom=&#8221;71&#8243; z_index=&#8221;&#8221;][vc_column width=&#8221;2\/3&#8243;]\t\n\t\t<div id=\"gs_logo_area_53\" data-shortcode-id=\"53\" class=\"gs_logo_area gs_logo_area_53 filter1 \" data-options='{\"logo_per_page\":\"6\"}' style=\"opacity: 0; visibility: hidden;\">\n\t\t\t<div class=\"gs_logo_area--inner\">\n\n\t\t\t\t<!-- Category Filters - New (Global) -->\n\t\t\t\t\t\n\t\t\t\t<div class=\"gs-logo-template-upgrade\"><p>Please upgrade to pro version to use this template<\/p><\/div>\n\t\t\t\t<!-- Pagination -->\n\t\t\t\t\n\t\t\t<\/div>\n\t\t<\/div>\n\t\n\t\t<style>#gs_logo_area_53:not(.verticaltickerdown):not(.verticalticker) .gs_logo_container{margin-left:-5px}#gs_logo_area_53:not(.verticaltickerdown):not(.verticalticker) .gs_logo_container{margin-right:-5px}#gs_logo_area_53:not(.verticaltickerdown):not(.verticalticker) .gs_logo_single--wrapper{padding:5px}#gs_logo_area_53 ul.gs-logo-filter-cats{text-align:center!important}#gs_logo_area_53 .gs_logo_single--wrapper{width:20%}@media (max-width:1023px){#gs_logo_area_53 .gs_logo_single--wrapper{width:33.333333333333%}}@media (max-width:767px){#gs_logo_area_53 .gs_logo_single--wrapper{width:50%}}<\/style>[\/vc_column][vc_column width=&#8221;1\/3&#8243;][vc_empty_space height=&#8221;50px&#8221;]<div class='testimonials_c_holder clearfix dark'><div class=\"testimonials_c testimonials_c_carousel\" data-show-navigation=\"yes\" data-animation-speed=\"\" data-auto-rotate-slides=\"10\" data-number-per-slide=\"1\"><ul class=\"slides\"><li id=\"testimonials-c-21785\" class=\"testimonial_content\"><div class=\"testimonial_content_inner\"><div class=\"testimonial_title_holder\"><h4>Alain Afflelou<\/h4><\/div><div class=\"testimonial_text_holder\"><div class=\"testimonial_text_inner\" style=\"\"><p style=\"font-size:14px\">An international group as Alain Afflelou requires the same payment and treasury tools in all countries where we operate. In this way, financial managers can guarantee standardised data collection and management that complies with all the protocols set by our head office. With All CMS in Spain as a Kyriba certified partner, we have been able not only to implement the solution, but also the quality of its training and support services for better coordination of all the group's treasury areas.<\/p><p class=\"testimonial_author\" style=\"\">Laetitia Lemaine - Directora financiera y Back Office de Alain Afflelou<span class=\"author_company_divider\"> - <\/span><span class=\"author_company\">www.afflelou.com<\/span><\/p><\/div><\/div><\/div><\/li><li id=\"testimonials-c-20878\" class=\"testimonial_content\"><div class=\"testimonial_content_inner\"><div class=\"testimonial_title_holder\"><h4>Culmia<\/h4><\/div><div class=\"testimonial_text_holder\"><div class=\"testimonial_text_inner\" style=\"\"><p style=\"font-size:14px\">Thank you for your availability. Your support not only facilitates the implementation process, but also provides a continuous service and contributes to the quick adaptation to change. Congratulations on your work.<\/p><p class=\"testimonial_author\" style=\"\">Ana del Sol S\u00e1nchez \u2013 Directora financiera en Culmia<span class=\"author_company_divider\"> - <\/span><span class=\"author_company\">www.culmia.com<\/span><\/p><\/div><\/div><\/div><\/li><li id=\"testimonials-c-20464\" class=\"testimonial_content\"><div class=\"testimonial_content_inner\"><div class=\"testimonial_title_holder\"><h4>Arcos Dorados<\/h4><\/div><div class=\"testimonial_text_holder\"><div class=\"testimonial_text_inner\" style=\"\"><p style=\"font-size:14px\">We needed a treasury management and banking communication infrastructure commensurate with the size of the company. The chosen solution had to respond to the company's productivity and security objectives, ensuring the flow of information and interoperability with the company's ERP. By optimizing and automating our main treasury processes, Kyriba offers our team time savings and greater dedication to making strategic decisions. Likewise, having the experience of the All CMS teams both for the implementation of the platform and for daily support has been key to the success of the project.<\/p><p class=\"testimonial_author\" style=\"\">Mariano Tannenbaum - CFO de Arcos Dorados<span class=\"author_company_divider\"> - <\/span><span class=\"author_company\">www.arcosdorados.com<\/span><\/p><\/div><\/div><\/div><\/li><li id=\"testimonials-c-19403\" class=\"testimonial_content\"><div class=\"testimonial_content_inner\"><div class=\"testimonial_title_holder\"><h4>Pizzer\u00edas Carlos<\/h4><\/div><div class=\"testimonial_text_holder\"><div class=\"testimonial_text_inner\" style=\"\"><p style=\"font-size:14px\">I have been working with All CMS and, consequently, with Kyriba for five years. I have known other Treasury Management Systems, but none is as good as Kyriba. And in Spain, moreover, we treasurers are fortunate to have All CMS for its implementation. Their professionalism and knowledge of the tool, together with their proximity and empathy, make the All CMS-Kyriba combination an unbeatable proposition in the world of treasury.<\/p><p class=\"testimonial_author\" style=\"\">Carlos Linares G\u00f3mez - Acting CFO en Pizzer\u00edas Carlos<span class=\"author_company_divider\"> - <\/span><span class=\"author_company\">www.pizzeriascarlos.es<\/span><\/p><\/div><\/div><\/div><\/li><li id=\"testimonials-c-19399\" class=\"testimonial_content\"><div class=\"testimonial_content_inner\"><div class=\"testimonial_title_holder\"><h4>Desigual<\/h4><\/div><div class=\"testimonial_text_holder\"><div class=\"testimonial_text_inner\" style=\"\"><p style=\"font-size:14px\">We have carried out the deployment with the help of All CMS, in a very autonomous way.\nThe participation of All CMS has been key to the project\u2019s success<\/p><p class=\"testimonial_author\" style=\"\">Yolanda Torio Ca\u00f1o, Treasury and Credit Manager en Desigual<span class=\"author_company_divider\"> - <\/span><span class=\"author_company\">www.desigual.com<\/span><\/p><\/div><\/div><\/div><\/li><li id=\"testimonials-c-19400\" class=\"testimonial_content\"><div class=\"testimonial_content_inner\"><div class=\"testimonial_title_holder\"><h4>NH Hotel Group<\/h4><\/div><div class=\"testimonial_text_holder\"><div class=\"testimonial_text_inner\" style=\"\"><p style=\"font-size:14px\">Kyriba's solution has enabled us to significantly improve all our cash processes, improve visibility of our position and increase security in the centralisation of our payments in the 28 countries where we operate.\nTo achieve this goal, collaboration with the All CMS (Altin Cash Management Solutions, S.L.) team has served as vital support in our project.<\/p><p class=\"testimonial_author\" style=\"\">Fernando Cebada Rold\u00e1n \u2013 Senior Vice President Corporate Treasury, NH Hotel Group<span class=\"author_company_divider\"> - <\/span><span class=\"author_company\">www.nh-hoteles.es<\/span><\/p><\/div><\/div><\/div><\/li><li id=\"testimonials-c-19401\" class=\"testimonial_content\"><div class=\"testimonial_content_inner\"><div class=\"testimonial_title_holder\"><h4>Grupo Pi\u00f1ero<\/h4><\/div><div class=\"testimonial_text_holder\"><div class=\"testimonial_text_inner\" style=\"\"><p style=\"font-size:14px\">I am convinced of the advantages of the SaaS model for cash management where Kyriba has shown us that it has extensive experience. \nHaving the experience of the All CMS (Altin Cash Management Solutions, S.L.) teams is another of the reasons that led us to rely on the company as a technology partner for the deployment of this ambitious project.<\/p><p class=\"testimonial_author\" style=\"\">Jose Mar\u00eda Mayans, Director Global de Tesorer\u00eda y Riesgo de Grupo Pi\u00f1ero<span class=\"author_company_divider\"> - <\/span><span class=\"author_company\">www.grupo-pinero.com<\/span><\/p><\/div><\/div><\/div><\/li><li id=\"testimonials-c-19402\" class=\"testimonial_content\"><div class=\"testimonial_content_inner\"><div class=\"testimonial_title_holder\"><h4>Ullastres<\/h4><\/div><div class=\"testimonial_text_holder\"><div class=\"testimonial_text_inner\" style=\"\"><p style=\"font-size:14px\">I am convinced of the advantages of the SaaS model for cash management where Kyriba has shown us that it has extensive experience.\r\nWe were also convinced by the experience of the All CMS (Altin Cash Management Solutions, S.L.) teams for deployment of the project.<\/p><p class=\"testimonial_author\" style=\"\">Jos\u00e9 Ignacio Fern\u00e1ndez Arimany, Director Corporativo de Servicios Centrales de ULLASTRES <span class=\"author_company_divider\"> - <\/span><span class=\"author_company\">www.ullastres.com<\/span><\/p><\/div><\/div><\/div><\/li><\/ul><\/div><\/div>[\/vc_column][\/vc_row][vc_row css_animation=&#8221;&#8221; row_type=&#8221;row&#8221; use_row_as_full_screen_section=&#8221;no&#8221; type=&#8221;full_width&#8221; angled_section=&#8221;no&#8221; text_align=&#8221;left&#8221; background_image_as_pattern=&#8221;without_pattern&#8221; css=&#8221;.vc_custom_1623058068600{background-color: #F8F8F8 !important;}&#8221; z_index=&#8221;&#8221;][vc_column][vc_row_inner row_type=&#8221;row&#8221; type=&#8221;grid&#8221; text_align=&#8221;left&#8221; css_animation=&#8221;&#8221; css=&#8221;.vc_custom_1683878541531{padding-top: 32px !important;padding-bottom: 32px !important;}&#8221;][vc_column_inner width=&#8221;1\/2&#8243;][vc_separator type=&#8221;transparent&#8221; up=&#8221;50&#8243; down=&#8221;0&#8243;][vc_column_text css=&#8221;.vc_custom_1683889596821{padding-bottom: 24px !important;}&#8221;]<\/p>\n<h2 style=\"text-align: left;\">Discover how All CMS help you to create value with active liquidity management.<\/h2>\n<p>[\/vc_column_text][vc_column_text]<\/p>\n<p style=\"text-align: justify;\">Would you like to know the full potential of All CMS solutions?<br \/>\nOur experts in each area of expertise are available for a customised demo.<\/p>\n<p>[\/vc_column_text][vc_separator type=&#8221;transparent&#8221; up=&#8221;24&#8243; down=&#8221;0&#8243;]<a  itemprop=\"url\" href=\"https:\/\/staging.allcms.es\/en\/request-a-demo\/\" target=\"_self\" data-hover-background-color=\"#303030\" data-hover-border-color=\"#303030\" class=\"qbutton  medium default\" style=\"color: #ffffff; border-color: #B8F4EB; background-color:#B8F4EB;\">DISCOVER HOW<\/a>[vc_separator type=&#8221;transparent&#8221; up=&#8221;68&#8243; down=&#8221;0&#8243;][\/vc_column_inner][vc_column_inner width=&#8221;1\/2&#8243;][vc_single_image image=&#8221;18546&#8243; img_size=&#8221;full&#8221; qode_css_animation=&#8221;&#8221;][\/vc_column_inner][\/vc_row_inner][\/vc_column][\/vc_row]<\/p>\n<\/div>","protected":false},"excerpt":{"rendered":"<p>[vc_row css_animation=&#8221;&#8221; row_type=&#8221;row&#8221; use_row_as_full_screen_section=&#8221;no&#8221; type=&#8221;grid&#8221; angled_section=&#8221;no&#8221; text_align=&#8221;left&#8221; background_image_as_pattern=&#8221;without_pattern&#8221; padding_top=&#8221;73&#8243; background_color=&#8221;#ffffff&#8221; padding_bottom=&#8221;30&#8243;][vc_column][vc_column_text] Clients who already trust All CMS [\/vc_column_text][vc_separator type=&#8221;small&#8221; position=&#8221;center&#8221; down=&#8221;20&#8243; up=&#8221;20&#8243;][\/vc_column][\/vc_row][vc_row css_animation=&#8221;&#8221; row_type=&#8221;row&#8221; use_row_as_full_screen_section=&#8221;no&#8221; type=&#8221;grid&#8221; angled_section=&#8221;no&#8221; text_align=&#8221;left&#8221; background_image_as_pattern=&#8221;without_pattern&#8221; padding_top=&#8221;73&#8243; background_color=&#8221;#ffffff&#8221; padding_bottom=&#8221;30&#8243;][vc_column width=&#8221;1\/4&#8243;][\/vc_column][vc_column width=&#8221;1\/4&#8243;][\/vc_column][vc_column width=&#8221;1\/4&#8243;][\/vc_column][vc_column width=&#8221;1\/4&#8243;][\/vc_column][\/vc_row][vc_row css_animation=&#8221;&#8221; row_type=&#8221;row&#8221; use_row_as_full_screen_section=&#8221;no&#8221; type=&#8221;grid&#8221; angled_section=&#8221;no&#8221; text_align=&#8221;left&#8221; background_image_as_pattern=&#8221;without_pattern&#8221; background_color=&#8221;#ffffff&#8221; padding_top=&#8221;70&#8243;&#8230;<\/p>\n","protected":false},"author":6,"featured_media":0,"parent":0,"menu_order":0,"comment_status":"open","ping_status":"closed","template":"full_width.php","meta":{"_acf_changed":false,"footnotes":""},"class_list":["post-19375","page","type-page","status-publish","hentry"],"acf":[],"yoast_head":"<!-- This site is optimized with the Yoast SEO plugin v25.6 - https:\/\/yoast.com\/wordpress\/plugins\/seo\/ -->\n<title>Clients | AllCMS<\/title>\n<meta name=\"robots\" content=\"noindex, follow, max-snippet:-1, max-image-preview:large, max-video-preview:-1\" \/>\n<meta property=\"og:locale\" content=\"en_US\" \/>\n<meta property=\"og:type\" content=\"article\" \/>\n<meta property=\"og:title\" content=\"Clients | AllCMS\" \/>\n<meta property=\"og:description\" content=\"[vc_row css_animation=&#8221;&#8221; row_type=&#8221;row&#8221; use_row_as_full_screen_section=&#8221;no&#8221; type=&#8221;grid&#8221; angled_section=&#8221;no&#8221; text_align=&#8221;left&#8221; background_image_as_pattern=&#8221;without_pattern&#8221; padding_top=&#8221;73&#8243; background_color=&#8221;#ffffff&#8221; padding_bottom=&#8221;30&#8243;][vc_column][vc_column_text] Clients who already trust All CMS [\/vc_column_text][vc_separator type=&#8221;small&#8221; position=&#8221;center&#8221; down=&#8221;20&#8243; up=&#8221;20&#8243;][\/vc_column][\/vc_row][vc_row css_animation=&#8221;&#8221; row_type=&#8221;row&#8221; use_row_as_full_screen_section=&#8221;no&#8221; type=&#8221;grid&#8221; angled_section=&#8221;no&#8221; text_align=&#8221;left&#8221; background_image_as_pattern=&#8221;without_pattern&#8221; padding_top=&#8221;73&#8243; background_color=&#8221;#ffffff&#8221; padding_bottom=&#8221;30&#8243;][vc_column width=&#8221;1\/4&#8243;][\/vc_column][vc_column width=&#8221;1\/4&#8243;][\/vc_column][vc_column width=&#8221;1\/4&#8243;][\/vc_column][vc_column width=&#8221;1\/4&#8243;][\/vc_column][\/vc_row][vc_row css_animation=&#8221;&#8221; row_type=&#8221;row&#8221; use_row_as_full_screen_section=&#8221;no&#8221; type=&#8221;grid&#8221; angled_section=&#8221;no&#8221; text_align=&#8221;left&#8221; background_image_as_pattern=&#8221;without_pattern&#8221; background_color=&#8221;#ffffff&#8221; padding_top=&#8221;70&#8243;...\" \/>\n<meta property=\"og:url\" content=\"https:\/\/staging.allcms.es\/en\/clients\/\" \/>\n<meta property=\"og:site_name\" content=\"AllCMS\" \/>\n<meta property=\"article:modified_time\" content=\"2024-08-21T08:55:14+00:00\" \/>\n<meta name=\"twitter:card\" content=\"summary_large_image\" \/>\n<meta name=\"twitter:label1\" content=\"Est. reading time\" \/>\n\t<meta name=\"twitter:data1\" content=\"2 minutes\" \/>\n<script type=\"application\/ld+json\" class=\"yoast-schema-graph\">{\"@context\":\"https:\/\/schema.org\",\"@graph\":[{\"@type\":\"WebPage\",\"@id\":\"https:\/\/staging.allcms.es\/en\/clients\/\",\"url\":\"https:\/\/staging.allcms.es\/en\/clients\/\",\"name\":\"Clients | AllCMS\",\"isPartOf\":{\"@id\":\"https:\/\/staging.allcms.es\/#website\"},\"datePublished\":\"2022-10-26T10:14:29+00:00\",\"dateModified\":\"2024-08-21T08:55:14+00:00\",\"breadcrumb\":{\"@id\":\"https:\/\/staging.allcms.es\/en\/clients\/#breadcrumb\"},\"inLanguage\":\"en-US\",\"potentialAction\":[{\"@type\":\"ReadAction\",\"target\":[\"https:\/\/staging.allcms.es\/en\/clients\/\"]}]},{\"@type\":\"BreadcrumbList\",\"@id\":\"https:\/\/staging.allcms.es\/en\/clients\/#breadcrumb\",\"itemListElement\":[{\"@type\":\"ListItem\",\"position\":1,\"name\":\"Inicio\",\"item\":\"https:\/\/staging.allcms.es\/en\/\"},{\"@type\":\"ListItem\",\"position\":2,\"name\":\"Clients\"}]},{\"@type\":\"WebSite\",\"@id\":\"https:\/\/staging.allcms.es\/#website\",\"url\":\"https:\/\/staging.allcms.es\/\",\"name\":\"AllCMS\",\"description\":\"Soluciones de Gesti\u00f3n Financiera en modo SaaS\",\"publisher\":{\"@id\":\"https:\/\/staging.allcms.es\/#organization\"},\"potentialAction\":[{\"@type\":\"SearchAction\",\"target\":{\"@type\":\"EntryPoint\",\"urlTemplate\":\"https:\/\/staging.allcms.es\/?s={search_term_string}\"},\"query-input\":{\"@type\":\"PropertyValueSpecification\",\"valueRequired\":true,\"valueName\":\"search_term_string\"}}],\"inLanguage\":\"en-US\"},{\"@type\":\"Organization\",\"@id\":\"https:\/\/staging.allcms.es\/#organization\",\"name\":\"Altin CMS\",\"url\":\"https:\/\/staging.allcms.es\/\",\"logo\":{\"@type\":\"ImageObject\",\"inLanguage\":\"en-US\",\"@id\":\"https:\/\/staging.allcms.es\/#\/schema\/logo\/image\/\",\"url\":\"https:\/\/staging.allcms.es\/wp-content\/uploads\/2021\/05\/altin_cms-e1621337304181.png\",\"contentUrl\":\"https:\/\/staging.allcms.es\/wp-content\/uploads\/2021\/05\/altin_cms-e1621337304181.png\",\"width\":139,\"height\":60,\"caption\":\"Altin CMS\"},\"image\":{\"@id\":\"https:\/\/staging.allcms.es\/#\/schema\/logo\/image\/\"}}]}<\/script>\n<!-- \/ Yoast SEO plugin. -->","yoast_head_json":{"title":"Clients | AllCMS","robots":{"index":"noindex","follow":"follow","max-snippet":"max-snippet:-1","max-image-preview":"max-image-preview:large","max-video-preview":"max-video-preview:-1"},"og_locale":"en_US","og_type":"article","og_title":"Clients | AllCMS","og_description":"[vc_row css_animation=&#8221;&#8221; row_type=&#8221;row&#8221; use_row_as_full_screen_section=&#8221;no&#8221; type=&#8221;grid&#8221; angled_section=&#8221;no&#8221; text_align=&#8221;left&#8221; background_image_as_pattern=&#8221;without_pattern&#8221; padding_top=&#8221;73&#8243; background_color=&#8221;#ffffff&#8221; padding_bottom=&#8221;30&#8243;][vc_column][vc_column_text] Clients who already trust All CMS [\/vc_column_text][vc_separator type=&#8221;small&#8221; position=&#8221;center&#8221; down=&#8221;20&#8243; up=&#8221;20&#8243;][\/vc_column][\/vc_row][vc_row css_animation=&#8221;&#8221; row_type=&#8221;row&#8221; use_row_as_full_screen_section=&#8221;no&#8221; type=&#8221;grid&#8221; angled_section=&#8221;no&#8221; text_align=&#8221;left&#8221; background_image_as_pattern=&#8221;without_pattern&#8221; padding_top=&#8221;73&#8243; background_color=&#8221;#ffffff&#8221; padding_bottom=&#8221;30&#8243;][vc_column width=&#8221;1\/4&#8243;][\/vc_column][vc_column width=&#8221;1\/4&#8243;][\/vc_column][vc_column width=&#8221;1\/4&#8243;][\/vc_column][vc_column width=&#8221;1\/4&#8243;][\/vc_column][\/vc_row][vc_row css_animation=&#8221;&#8221; row_type=&#8221;row&#8221; use_row_as_full_screen_section=&#8221;no&#8221; type=&#8221;grid&#8221; angled_section=&#8221;no&#8221; text_align=&#8221;left&#8221; background_image_as_pattern=&#8221;without_pattern&#8221; background_color=&#8221;#ffffff&#8221; padding_top=&#8221;70&#8243;...","og_url":"https:\/\/staging.allcms.es\/en\/clients\/","og_site_name":"AllCMS","article_modified_time":"2024-08-21T08:55:14+00:00","twitter_card":"summary_large_image","twitter_misc":{"Est. reading time":"2 minutes"},"schema":{"@context":"https:\/\/schema.org","@graph":[{"@type":"WebPage","@id":"https:\/\/staging.allcms.es\/en\/clients\/","url":"https:\/\/staging.allcms.es\/en\/clients\/","name":"Clients | AllCMS","isPartOf":{"@id":"https:\/\/staging.allcms.es\/#website"},"datePublished":"2022-10-26T10:14:29+00:00","dateModified":"2024-08-21T08:55:14+00:00","breadcrumb":{"@id":"https:\/\/staging.allcms.es\/en\/clients\/#breadcrumb"},"inLanguage":"en-US","potentialAction":[{"@type":"ReadAction","target":["https:\/\/staging.allcms.es\/en\/clients\/"]}]},{"@type":"BreadcrumbList","@id":"https:\/\/staging.allcms.es\/en\/clients\/#breadcrumb","itemListElement":[{"@type":"ListItem","position":1,"name":"Inicio","item":"https:\/\/staging.allcms.es\/en\/"},{"@type":"ListItem","position":2,"name":"Clients"}]},{"@type":"WebSite","@id":"https:\/\/staging.allcms.es\/#website","url":"https:\/\/staging.allcms.es\/","name":"AllCMS","description":"Soluciones de Gesti\u00f3n Financiera en modo SaaS","publisher":{"@id":"https:\/\/staging.allcms.es\/#organization"},"potentialAction":[{"@type":"SearchAction","target":{"@type":"EntryPoint","urlTemplate":"https:\/\/staging.allcms.es\/?s={search_term_string}"},"query-input":{"@type":"PropertyValueSpecification","valueRequired":true,"valueName":"search_term_string"}}],"inLanguage":"en-US"},{"@type":"Organization","@id":"https:\/\/staging.allcms.es\/#organization","name":"Altin CMS","url":"https:\/\/staging.allcms.es\/","logo":{"@type":"ImageObject","inLanguage":"en-US","@id":"https:\/\/staging.allcms.es\/#\/schema\/logo\/image\/","url":"https:\/\/staging.allcms.es\/wp-content\/uploads\/2021\/05\/altin_cms-e1621337304181.png","contentUrl":"https:\/\/staging.allcms.es\/wp-content\/uploads\/2021\/05\/altin_cms-e1621337304181.png","width":139,"height":60,"caption":"Altin CMS"},"image":{"@id":"https:\/\/staging.allcms.es\/#\/schema\/logo\/image\/"}}]}},"_links":{"self":[{"href":"https:\/\/staging.allcms.es\/en\/wp-json\/wp\/v2\/pages\/19375","targetHints":{"allow":["GET"]}}],"collection":[{"href":"https:\/\/staging.allcms.es\/en\/wp-json\/wp\/v2\/pages"}],"about":[{"href":"https:\/\/staging.allcms.es\/en\/wp-json\/wp\/v2\/types\/page"}],"author":[{"embeddable":true,"href":"https:\/\/staging.allcms.es\/en\/wp-json\/wp\/v2\/users\/6"}],"replies":[{"embeddable":true,"href":"https:\/\/staging.allcms.es\/en\/wp-json\/wp\/v2\/comments?post=19375"}],"version-history":[{"count":1,"href":"https:\/\/staging.allcms.es\/en\/wp-json\/wp\/v2\/pages\/19375\/revisions"}],"predecessor-version":[{"id":22430,"href":"https:\/\/staging.allcms.es\/en\/wp-json\/wp\/v2\/pages\/19375\/revisions\/22430"}],"wp:attachment":[{"href":"https:\/\/staging.allcms.es\/en\/wp-json\/wp\/v2\/media?parent=19375"}],"curies":[{"name":"wp","href":"https:\/\/api.w.org\/{rel}","templated":true}]}}